{"id":150,"date":"2015-07-23T10:30:07","date_gmt":"2015-07-23T10:30:07","guid":{"rendered":"http:\/\/adventure-tours.themedelight.com\/?page_id=150"},"modified":"2025-02-20T17:21:33","modified_gmt":"2025-02-20T16:21:33","slug":"pagina-inicial","status":"publish","type":"page","link":"https:\/\/www.portorentabike.com\/pt\/","title":{"rendered":"Alugar Bicicletas no Porto: Descubra o Porto de Bike! \ud83d\udeb4\u200d\u2642\ufe0f\ud83d\udeb4\u200d\u2640\ufe0f"},"content":{"rendered":"<div class=\"wpb-content-wrapper\"><p>[vc_row][vc_column width=&#8221;1\/2&#8243;][vc_column_text css=&#8221;&#8221;]<\/p>\n<h1><strong>Alugar Bicicletas no Porto: Descubra o Porto de Bike! \ud83d\udeb4\u200d\u2642\ufe0f<\/strong><\/h1>\n<p>[\/vc_column_text][\/vc_column][vc_column width=&#8221;1\/2&#8243; css=&#8221;.vc_custom_1724948686124{margin-top: 20px !important;}&#8221;][vc_raw_html css=&#8221;&#8221;]JTNDcCUyMHN0eWxlJTNEJTIyZGlzcGxheSUzQWlubGluZS1ibG9jayUzQiUyMGhlaWdodCUzQSUyMDcwcHglM0IlMjB3aWR0aCUzQSUyMDEwMCUyNSUzQiUyMiUzRSUwQSUzQ2J1dHRvbiUyMHZlbnRyYXRhLWNoZWNrb3V0JTIwY2xhc3MlM0QlMjJhdGJ0biUyMGF0YnRuLS1yb3VuZGVkJTIwYm90b2VzX2FsdWdlciUyMiUzRSUzQ2klMjBjbGFzcyUzRCUyMmF0YnRuX19pY29uJTIwZmElMjBmYS1jYWxlbmRhciUyMiUzRSUzQyUyRmklM0VBTFVHQVIlMjBKJUMzJTgxJTNDJTJGYnV0dG9uJTNFJTBBJTNDJTJGcCUzRQ==[\/vc_raw_html][\/vc_column][\/vc_row][vc_row][vc_column width=&#8221;1\/2&#8243;][vc_gallery interval=&#8221;3&#8243; images=&#8221;1829,1828,1827&#8243; img_size=&#8221;547&#215;547&#8243; css=&#8221;&#8221;][\/vc_column][vc_column width=&#8221;1\/2&#8243;][vc_column_text css=&#8221;&#8221;]Viva o Porto de uma maneira \u00fanica e emocionante com a <strong>Porto Rent a Bike<\/strong>! Alugue a bicicleta perfeita para a sua aventura e explore as paisagens deslumbrantes, ruas hist\u00f3ricas e tesouros escondidos da cidade. Com op\u00e7\u00f5es para todos os gostos e n\u00edveis de habilidade, prometemos uma experi\u00eancia inesquec\u00edvel cheia de liberdade e aventura.<\/p>\n<p>\ud83d\udeb2 <strong>Ampla Variedade de Bicicletas<\/strong>: Bicicletas el\u00e9tricas, bicicletas de montanha e muito mais!<\/p>\n<p>\ud83c\udf1f <strong>Pre\u00e7os Acess\u00edveis<\/strong>: Op\u00e7\u00f5es de aluguer por hora, dia ou semana.<\/p>\n<p>\ud83d\uddfa\ufe0f <strong>Rotas Personalizadas<\/strong>: Tours sugeridos para explorar o melhor do Porto.<\/p>\n<p>\ud83d\udcbc <strong>Servi\u00e7o de Excel\u00eancia<\/strong>: Atendimento ao cliente amig\u00e1vel durante todo o seu passeio.<\/p>\n<p>Venha pedalar com a <strong>Porto Rent a Bike<\/strong> e aproveite ao m\u00e1ximo a sua visita ao Porto. Reserve agora e descubra a cidade de uma forma totalmente nova!<\/p>\n<p><strong>Aventura, liberdade e Porto: tudo sobre duas rodas!<\/strong>[\/vc_column_text][\/vc_column][\/vc_row][vc_row][vc_column width=&#8221;2\/3&#8243;][vc_row_inner][vc_column_inner]<div class=\"title title--big\">\n\t\t<h3 class=\"title__primary\">Porqu\u00ea escolher a Porto Rent a Bike?<\/h3>\n<\/div>\n[vc_column_text css=&#8221;&#8221;]<\/p>\n<h3><strong>Pre\u00e7os mais baixos, melhor servi\u00e7o, qualidade nas bicicletas! <\/strong>Cadeados, capacetes e mapas&#8230; GR\u00c1TIS!<\/h3>\n<p>O centro hist\u00f3rico do Porto n\u00e3o \u00e9 muito amig\u00e1vel para bicicletas, mas com uma bicicleta el\u00e9trica ser\u00e1 f\u00e1cil e divertido (como numa montanha-russa). A melhor maneira de desfrutar da beleza do <strong>Rio Douro, das praias de Gaia, Porto e Matosinhos, do Parque da Cidade ou da Funda\u00e7\u00e3o de Serralves \u00e9 a pedalar<\/strong>. Com mais de 70 km de ciclovias, recomendamos que alugue uma bicicleta durante a sua visita, pois \u00e9 a forma mais r\u00e1pida e conveniente de ver mais, pagando menos e sem emiss\u00f5es. Aprecie a paisagem tranquilamente, descubra a arquitetura contempor\u00e2nea ou simplesmente pare numa esplanada \u00e0 beira-mar e esque\u00e7a o tempo.[\/vc_column_text][\/vc_column_inner][\/vc_row_inner][\/vc_column][vc_column width=&#8221;1\/3&#8243;][vc_empty_space height=&#8221;40px&#8221; el_class=&#8221;visible-sm visible-xs&#8221;][vc_raw_html css=&#8221;&#8221;]JTNDZGl2JTIwY2xhc3MlM0QlMjJmb3JtLWJsb2NrJTIwYmxvY2stYWZ0ZXItaW5kZW50JTIwZm9ybS1ibG9jay0tdmVydGljYWwlMjB0YWJsZS1saWdodCUyMiUzRSUwQSUwOSUzQ2gzJTIwY2xhc3MlM0QlMjJmb3JtLWJsb2NrX190aXRsZSUyMiUzRUFsdWdhJTIwaiVDMyVBMSUyMGElMjB0dWElMjBCaWtlJTNDJTJGaDMlM0UlMEElMjAlMjAlM0NwJTIwc3R5bGUlM0QlMjJkaXNwbGF5JTNBaW5saW5lLWJsb2NrJTNCJTIwaGVpZ2h0JTNBJTIwNzBweCUzQiUyMHdpZHRoJTNBJTIwMTAwJTI1JTNCJTIyJTNFJTNDYnV0dG9uJTIwdmVudHJhdGEtY2hlY2tvdXQlMjBjbGFzcyUzRCUyMmF0YnRuJTIwYXRidG4tLXJvdW5kZWQlMjBib3RvZXNfYWx1Z2VyJTIyJTNFJTNDaSUyMGNsYXNzJTNEJTIyYXRidG5fX2ljb24lMjBmYSUyMGZhLWNhbGVuZGFyJTIyJTNFJTNDJTJGaSUzRUFMVUdBUiUyMEolQzMlODElM0MlMkZidXR0b24lM0UlM0MlMkZwJTNFJTBBJTNDJTJGZGl2JTNF[\/vc_raw_html][vc_single_image image=&#8221;1893&#8243; img_size=&#8221;full&#8221; alignment=&#8221;center&#8221; css=&#8221;&#8221;][\/vc_column][\/vc_row][vc_row full_width=&#8221;stretch_row&#8221; css=&#8221;.vc_custom_1724946620375{background-color: #e0e0e0 !important;}&#8221;][vc_column][vc_single_image image=&#8221;1914&#8243; img_size=&#8221;full&#8221; alignment=&#8221;center&#8221; css=&#8221;&#8221;][vc_column_text css=&#8221;&#8221;]<\/p>\n<p style=\"text-align: center;\">Extremamente orgulhosos por estar entre os 10% melhores listados no mundo no Tripadvisor!<\/p>\n<p>[\/vc_column_text][\/vc_column][\/vc_row][vc_row full_width=&#8221;stretch_row&#8221; content_placement=&#8221;middle&#8221; parallax=&#8221;content-moving&#8221; parallax_image=&#8221;1321&#8243; el_class=&#8221;bikes-home&#8221;][vc_column]<div class=\"title title--center title--underline title--light title--underline-light title--decoration-bottom-center\">\n\t\t<h3 class=\"title__primary\">As Nossas Bicicletas<\/h3>\n<\/div>\n[vc_row_inner][vc_column_inner width=&#8221;1\/4&#8243;][vc_column_text]<\/p>\n<h2 style=\"text-align: center;\"><span style=\"color: #ffffff;\">Gitane<\/span><\/h2>\n<p>[\/vc_column_text][vc_single_image image=&#8221;1709&#8243; img_size=&#8221;large&#8221; alignment=&#8221;center&#8221; style=&#8221;vc_box_circle_2&#8243;][\/vc_column_inner][vc_column_inner width=&#8221;1\/4&#8243;][vc_column_text]<\/p>\n<h2 style=\"text-align: center;\"><span style=\"color: #ffffff;\">KTM<\/span><\/h2>\n<p>[\/vc_column_text][vc_single_image image=&#8221;1710&#8243; img_size=&#8221;large&#8221; alignment=&#8221;center&#8221; style=&#8221;vc_box_circle_2&#8243;][\/vc_column_inner][vc_column_inner width=&#8221;1\/4&#8243;][vc_column_text]<\/p>\n<h2 style=\"text-align: center;\"><span style=\"color: #ffffff;\">Peugeot<\/span><\/h2>\n<p>[\/vc_column_text][vc_single_image image=&#8221;1711&#8243; img_size=&#8221;large&#8221; alignment=&#8221;center&#8221; style=&#8221;vc_box_circle_2&#8243;][\/vc_column_inner][vc_column_inner width=&#8221;1\/4&#8243;][vc_column_text]<\/p>\n<h2 style=\"text-align: center;\"><span style=\"color: #ffffff;\">City<\/span><\/h2>\n<p>[\/vc_column_text][vc_single_image image=&#8221;1712&#8243; img_size=&#8221;large&#8221; alignment=&#8221;center&#8221; style=&#8221;vc_box_circle_2&#8243;][\/vc_column_inner][\/vc_row_inner][\/vc_column][\/vc_row][vc_row][vc_column][vc_row_inner][vc_column_inner]<div class=\"title title--center\">\n\t\t<h3 class=\"title__primary\">CADEADOS, MAPAS, CAPACETES E CADEIRAS DE BEB\u00c9 S\u00c3O GR\u00c1TIS!<\/h3>\n<\/div>\n[vc_single_image image=&#8221;1331&#8243; img_size=&#8221;large&#8221; alignment=&#8221;center&#8221;][\/vc_column_inner][\/vc_row_inner][\/vc_column][\/vc_row][vc_row full_width=&#8221;stretch_row&#8221; css=&#8221;.vc_custom_1489780228364{margin-top: 30px !important;}&#8221;][vc_column][vc_row_inner][vc_column_inner width=&#8221;1\/4&#8243;][vc_single_image image=&#8221;1444&#8243; img_size=&#8221;large&#8221; alignment=&#8221;center&#8221; onclick=&#8221;custom_link&#8221; link=&#8221;http:\/\/www.bluedragon.pt\/&#8221;][\/vc_column_inner][vc_column_inner width=&#8221;1\/4&#8243;][vc_single_image image=&#8221;1448&#8243; img_size=&#8221;large&#8221; alignment=&#8221;center&#8221; onclick=&#8221;custom_link&#8221; link=&#8221;\/localizacao-e-contatos\/&#8221;][\/vc_column_inner][vc_column_inner width=&#8221;1\/4&#8243;][vc_single_image image=&#8221;1503&#8243; img_size=&#8221;large&#8221; alignment=&#8221;center&#8221; onclick=&#8221;custom_link&#8221; link=&#8221;\/en\/precos-e-bicicletas\/&#8221;][\/vc_column_inner][vc_column_inner width=&#8221;1\/4&#8243;][vc_single_image image=&#8221;1931&#8243; img_size=&#8221;large&#8221; onclick=&#8221;custom_link&#8221; css=&#8221;&#8221; link=&#8221;https:\/\/www.portorentabike.com\/pt\/descubra-o-porto-em-duas-rodas-com-a-porto-rent-a-bike-e-a-momondo&#8221;][\/vc_column_inner][\/vc_row_inner][\/vc_column][\/vc_row]<\/p>\n<\/div>","protected":false},"excerpt":{"rendered":"<p>[vc_row][vc_column width=&#8221;1\/2&#8243;][vc_column_text css=&#8221;&#8221;] Alugar Bicicletas no Porto: Descubra o Porto de Bike! \ud83d\udeb4\u200d\u2642\ufe0f [\/vc_column_text][\/vc_column][vc_column width=&#8221;1\/2&#8243; css=&#8221;.vc_custom_1724948686124{margin-top: 20px !important;}&#8221;][vc_raw_html css=&#8221;&#8221;]JTNDcCUyMHN0eWxlJTNEJTIyZGlzcGxheSUzQWlubGluZS1ibG9jayUzQiUyMGhlaWdodCUzQSUyMDcwcHglM0IlMjB3aWR0aCUzQSUyMDEwMCUyNSUzQiUyMiUzRSUwQSUzQ2J1dHRvbiUyMHZlbnRyYXRhLWNoZWNrb3V0JTIwY2xhc3MlM0QlMjJhdGJ0biUyMGF0YnRuLS1yb3VuZGVkJTIwYm90b2VzX2FsdWdlciUyMiUzRSUzQ2klMjBjbGFzcyUzRCUyMmF0YnRuX19pY29uJTIwZmElMjBmYS1jYWxlbmRhciUyMiUzRSUzQyUyRmklM0VBTFVHQVIlMjBKJUMzJTgxJTNDJTJGYnV0dG9uJTNFJTBBJTNDJTJGcCUzRQ==[\/vc_raw_html][\/vc_column][\/vc_row][vc_row][vc_column width=&#8221;1\/2&#8243;][vc_gallery interval=&#8221;3&#8243; images=&#8221;1829,1828,1827&#8243; img_size=&#8221;547&#215;547&#8243; css=&#8221;&#8221;][\/vc_column][vc_column width=&#8221;1\/2&#8243;][vc_column_text css=&#8221;&#8221;]Viva o Porto de uma maneira \u00fanica e emocionante com a Porto Rent a Bike! Alugue a bicicleta perfeita para a sua aventura e explore as paisagens deslumbrantes, ruas hist\u00f3ricas<\/p>\n<div class=\"padding-top text-center\"><a href=\"https:\/\/www.portorentabike.com\/pt\/\" class=\"atbtn atbtn--medium atbtn--rounded atbtn--transparent\">Read more<i class=\"atbtn__icon atbtn__icon--right fa fa-long-arrow-right\"><\/i><\/a><\/div>\n","protected":false},"author":2,"featured_media":0,"parent":0,"menu_order":0,"comment_status":"open","ping_status":"closed","template":"","meta":{"footnotes":""},"class_list":["post-150","page","type-page","status-publish","hentry"],"yoast_head":"<!-- This site is optimized with the Yoast SEO plugin v27.3 - https:\/\/yoast.com\/product\/yoast-seo-wordpress\/ -->\n<title>Alugar Bicicletas no Porto: Descubra o Porto de Bike! \ud83d\udeb4\u200d\u2642\ufe0f\ud83d\udeb4\u200d\u2640\ufe0f<\/title>\n<meta name=\"description\" content=\"Explore o Porto de bicicleta com a Porto Rent a Bike! Alugue bicicletas el\u00e9tricas, de montanha na cidade do Porto. Cadeados e mapas Gr\u00e1tis!\" \/>\n<meta name=\"robots\" content=\"index, follow, max-snippet:-1, max-image-preview:large, max-video-preview:-1\" \/>\n<link rel=\"canonical\" href=\"https:\/\/www.portorentabike.com\/pt\/\" \/>\n<meta property=\"og:locale\" content=\"pt_PT\" \/>\n<meta property=\"og:type\" content=\"article\" \/>\n<meta property=\"og:title\" content=\"Alugar Bicicletas no Porto: Descubra o Porto de Bike! \ud83d\udeb4\u200d\u2642\ufe0f\ud83d\udeb4\u200d\u2640\ufe0f\" \/>\n<meta property=\"og:description\" content=\"Explore o Porto de bicicleta com a Porto Rent a Bike! Alugue bicicletas el\u00e9tricas, de montanha na cidade do Porto. Cadeados e mapas Gr\u00e1tis!\" \/>\n<meta property=\"og:url\" content=\"https:\/\/www.portorentabike.com\/pt\/\" \/>\n<meta property=\"og:site_name\" content=\"Alugar Bicicletas no Porto: Descubra o Porto de Bike! \ud83d\udeb4\u200d\u2642\ufe0f\ud83d\udeb4\u200d\u2640\ufe0f\" \/>\n<meta property=\"article:publisher\" content=\"https:\/\/www.facebook.com\/portorentabike\/\" \/>\n<meta property=\"article:modified_time\" content=\"2025-02-20T16:21:33+00:00\" \/>\n<meta name=\"twitter:card\" content=\"summary_large_image\" \/>\n<meta name=\"twitter:label1\" content=\"Tempo estimado de leitura\" \/>\n\t<meta name=\"twitter:data1\" content=\"2 minutos\" \/>\n<script type=\"application\/ld+json\" class=\"yoast-schema-graph\">{\"@context\":\"https:\\\/\\\/schema.org\",\"@graph\":[{\"@type\":\"WebPage\",\"@id\":\"https:\\\/\\\/www.portorentabike.com\\\/pt\\\/\",\"url\":\"https:\\\/\\\/www.portorentabike.com\\\/pt\\\/\",\"name\":\"Alugar Bicicletas no Porto: Descubra o Porto de Bike! \ud83d\udeb4\u200d\u2642\ufe0f\ud83d\udeb4\u200d\u2640\ufe0f\",\"isPartOf\":{\"@id\":\"https:\\\/\\\/www.portorentabike.com\\\/pt\\\/#website\"},\"datePublished\":\"2015-07-23T10:30:07+00:00\",\"dateModified\":\"2025-02-20T16:21:33+00:00\",\"description\":\"Explore o Porto de bicicleta com a Porto Rent a Bike! Alugue bicicletas el\u00e9tricas, de montanha na cidade do Porto. Cadeados e mapas Gr\u00e1tis!\",\"breadcrumb\":{\"@id\":\"https:\\\/\\\/www.portorentabike.com\\\/pt\\\/#breadcrumb\"},\"inLanguage\":\"pt-PT\",\"potentialAction\":[{\"@type\":\"ReadAction\",\"target\":[[\"https:\\\/\\\/www.portorentabike.com\\\/pt\\\/\"]]}]},{\"@type\":\"BreadcrumbList\",\"@id\":\"https:\\\/\\\/www.portorentabike.com\\\/pt\\\/#breadcrumb\",\"itemListElement\":[{\"@type\":\"ListItem\",\"position\":1,\"name\":\"In\u00edcio\",\"item\":\"https:\\\/\\\/www.portorentabike.com\\\/pt\\\/\"},{\"@type\":\"ListItem\",\"position\":2,\"name\":\"Alugar Bicicletas no Porto: Descubra o Porto de Bike! \ud83d\udeb4\u200d\u2642\ufe0f\ud83d\udeb4\u200d\u2640\ufe0f\"}]},{\"@type\":\"WebSite\",\"@id\":\"https:\\\/\\\/www.portorentabike.com\\\/pt\\\/#website\",\"url\":\"https:\\\/\\\/www.portorentabike.com\\\/pt\\\/\",\"name\":\"PORTO RENT A BIKE\",\"description\":\"Explore o Porto de bicicleta com a Porto Rent a Bike! Alugue bicicletas el\u00e9tricas, de montanha na cidade do Porto. Cadeados e mapas Gr\u00e1tis!\",\"publisher\":{\"@id\":\"https:\\\/\\\/www.portorentabike.com\\\/pt\\\/#organization\"},\"potentialAction\":[{\"@type\":\"SearchAction\",\"target\":{\"@type\":\"EntryPoint\",\"urlTemplate\":\"https:\\\/\\\/www.portorentabike.com\\\/pt\\\/?s={search_term_string}\"},\"query-input\":{\"@type\":\"PropertyValueSpecification\",\"valueRequired\":true,\"valueName\":\"search_term_string\"}}],\"inLanguage\":\"pt-PT\"},{\"@type\":\"Organization\",\"@id\":\"https:\\\/\\\/www.portorentabike.com\\\/pt\\\/#organization\",\"name\":\"Porto Rent A Bike\",\"url\":\"https:\\\/\\\/www.portorentabike.com\\\/pt\\\/\",\"logo\":{\"@type\":\"ImageObject\",\"inLanguage\":\"pt-PT\",\"@id\":\"https:\\\/\\\/www.portorentabike.com\\\/pt\\\/#\\\/schema\\\/logo\\\/image\\\/\",\"url\":\"https:\\\/\\\/www.portorentabike.com\\\/wp-content\\\/uploads\\\/2024\\\/08\\\/logotipo-porto-rent-a-bike-200x85-min.png\",\"contentUrl\":\"https:\\\/\\\/www.portorentabike.com\\\/wp-content\\\/uploads\\\/2024\\\/08\\\/logotipo-porto-rent-a-bike-200x85-min.png\",\"width\":200,\"height\":85,\"caption\":\"Porto Rent A Bike\"},\"image\":{\"@id\":\"https:\\\/\\\/www.portorentabike.com\\\/pt\\\/#\\\/schema\\\/logo\\\/image\\\/\"},\"sameAs\":[\"https:\\\/\\\/www.facebook.com\\\/portorentabike\\\/\"]}]}<\/script>\n<!-- \/ Yoast SEO plugin. -->","yoast_head_json":{"title":"Alugar Bicicletas no Porto: Descubra o Porto de Bike! \ud83d\udeb4\u200d\u2642\ufe0f\ud83d\udeb4\u200d\u2640\ufe0f","description":"Explore o Porto de bicicleta com a Porto Rent a Bike! Alugue bicicletas el\u00e9tricas, de montanha na cidade do Porto. Cadeados e mapas Gr\u00e1tis!","robots":{"index":"index","follow":"follow","max-snippet":"max-snippet:-1","max-image-preview":"max-image-preview:large","max-video-preview":"max-video-preview:-1"},"canonical":"https:\/\/www.portorentabike.com\/pt\/","og_locale":"pt_PT","og_type":"article","og_title":"Alugar Bicicletas no Porto: Descubra o Porto de Bike! \ud83d\udeb4\u200d\u2642\ufe0f\ud83d\udeb4\u200d\u2640\ufe0f","og_description":"Explore o Porto de bicicleta com a Porto Rent a Bike! Alugue bicicletas el\u00e9tricas, de montanha na cidade do Porto. Cadeados e mapas Gr\u00e1tis!","og_url":"https:\/\/www.portorentabike.com\/pt\/","og_site_name":"Alugar Bicicletas no Porto: Descubra o Porto de Bike! \ud83d\udeb4\u200d\u2642\ufe0f\ud83d\udeb4\u200d\u2640\ufe0f","article_publisher":"https:\/\/www.facebook.com\/portorentabike\/","article_modified_time":"2025-02-20T16:21:33+00:00","twitter_card":"summary_large_image","twitter_misc":{"Tempo estimado de leitura":"2 minutos"},"schema":{"@context":"https:\/\/schema.org","@graph":[{"@type":"WebPage","@id":"https:\/\/www.portorentabike.com\/pt\/","url":"https:\/\/www.portorentabike.com\/pt\/","name":"Alugar Bicicletas no Porto: Descubra o Porto de Bike! \ud83d\udeb4\u200d\u2642\ufe0f\ud83d\udeb4\u200d\u2640\ufe0f","isPartOf":{"@id":"https:\/\/www.portorentabike.com\/pt\/#website"},"datePublished":"2015-07-23T10:30:07+00:00","dateModified":"2025-02-20T16:21:33+00:00","description":"Explore o Porto de bicicleta com a Porto Rent a Bike! Alugue bicicletas el\u00e9tricas, de montanha na cidade do Porto. Cadeados e mapas Gr\u00e1tis!","breadcrumb":{"@id":"https:\/\/www.portorentabike.com\/pt\/#breadcrumb"},"inLanguage":"pt-PT","potentialAction":[{"@type":"ReadAction","target":[["https:\/\/www.portorentabike.com\/pt\/"]]}]},{"@type":"BreadcrumbList","@id":"https:\/\/www.portorentabike.com\/pt\/#breadcrumb","itemListElement":[{"@type":"ListItem","position":1,"name":"In\u00edcio","item":"https:\/\/www.portorentabike.com\/pt\/"},{"@type":"ListItem","position":2,"name":"Alugar Bicicletas no Porto: Descubra o Porto de Bike! \ud83d\udeb4\u200d\u2642\ufe0f\ud83d\udeb4\u200d\u2640\ufe0f"}]},{"@type":"WebSite","@id":"https:\/\/www.portorentabike.com\/pt\/#website","url":"https:\/\/www.portorentabike.com\/pt\/","name":"PORTO RENT A BIKE","description":"Explore o Porto de bicicleta com a Porto Rent a Bike! Alugue bicicletas el\u00e9tricas, de montanha na cidade do Porto. Cadeados e mapas Gr\u00e1tis!","publisher":{"@id":"https:\/\/www.portorentabike.com\/pt\/#organization"},"potentialAction":[{"@type":"SearchAction","target":{"@type":"EntryPoint","urlTemplate":"https:\/\/www.portorentabike.com\/pt\/?s={search_term_string}"},"query-input":{"@type":"PropertyValueSpecification","valueRequired":true,"valueName":"search_term_string"}}],"inLanguage":"pt-PT"},{"@type":"Organization","@id":"https:\/\/www.portorentabike.com\/pt\/#organization","name":"Porto Rent A Bike","url":"https:\/\/www.portorentabike.com\/pt\/","logo":{"@type":"ImageObject","inLanguage":"pt-PT","@id":"https:\/\/www.portorentabike.com\/pt\/#\/schema\/logo\/image\/","url":"https:\/\/www.portorentabike.com\/wp-content\/uploads\/2024\/08\/logotipo-porto-rent-a-bike-200x85-min.png","contentUrl":"https:\/\/www.portorentabike.com\/wp-content\/uploads\/2024\/08\/logotipo-porto-rent-a-bike-200x85-min.png","width":200,"height":85,"caption":"Porto Rent A Bike"},"image":{"@id":"https:\/\/www.portorentabike.com\/pt\/#\/schema\/logo\/image\/"},"sameAs":["https:\/\/www.facebook.com\/portorentabike\/"]}]}},"_links":{"self":[{"href":"https:\/\/www.portorentabike.com\/pt\/wp-json\/wp\/v2\/pages\/150","targetHints":{"allow":["GET"]}}],"collection":[{"href":"https:\/\/www.portorentabike.com\/pt\/wp-json\/wp\/v2\/pages"}],"about":[{"href":"https:\/\/www.portorentabike.com\/pt\/wp-json\/wp\/v2\/types\/page"}],"author":[{"embeddable":true,"href":"https:\/\/www.portorentabike.com\/pt\/wp-json\/wp\/v2\/users\/2"}],"replies":[{"embeddable":true,"href":"https:\/\/www.portorentabike.com\/pt\/wp-json\/wp\/v2\/comments?post=150"}],"version-history":[{"count":187,"href":"https:\/\/www.portorentabike.com\/pt\/wp-json\/wp\/v2\/pages\/150\/revisions"}],"predecessor-version":[{"id":2014,"href":"https:\/\/www.portorentabike.com\/pt\/wp-json\/wp\/v2\/pages\/150\/revisions\/2014"}],"wp:attachment":[{"href":"https:\/\/www.portorentabike.com\/pt\/wp-json\/wp\/v2\/media?parent=150"}],"curies":[{"name":"wp","href":"https:\/\/api.w.org\/{rel}","templated":true}]}}