{"id":1228,"date":"2017-03-09T19:47:41","date_gmt":"2017-03-09T19:47:41","guid":{"rendered":"http:\/\/portorentabike.sergioazevedo.com\/?page_id=1228"},"modified":"2024-11-01T17:02:03","modified_gmt":"2024-11-01T16:02:03","slug":"localizacao-e-contatos","status":"publish","type":"page","link":"https:\/\/www.portorentabike.com\/pt\/localizacao-e-contatos\/","title":{"rendered":"Localiza\u00e7\u00e3o e contatos"},"content":{"rendered":"<div class=\"wpb-content-wrapper\"><p>[vc_row el_class=&#8221;margin-bottom&#8221;][vc_column offset=&#8221;vc_col-md-6&#8243;]<div class=\"title\">\n\t\t<h3 class=\"title__primary\">CONTATOS PARA ALUGAR BICICLETAS<\/h3>\n<\/div>\n[vc_column_text css=&#8221;&#8221;]Tem perguntas ou quer reservar a sua bicicleta? Estamos aqui para ajudar! Na Porto Rent a Bike, oferecemos um servi\u00e7o personalizado e estamos prontos para tornar a sua experi\u00eancia no Porto inesquec\u00edvel. Entre em contacto connosco atrav\u00e9s dos meios abaixo e responderemos o mais r\u00e1pido poss\u00edvel.[\/vc_column_text]<div class=\"contact-info\">\n\t\t\t<div class=\"contact-info__item\">\n\t\t\t<div class=\"contact-info__item__icon\"><i class=\"fa fa-map-marker\"><\/i><\/div>\n\t\t\t<div class=\"contact-info__item__text\">R. de Alexandre Herculano 251, 4000-053 Porto<\/div>\n\t\t<\/div>\n\t\n\t<div class=\"contact-info__item\"><a href=\"tel:+351221152966\"><span class=\"contact-info__item__icon\"><i class=\"fa fa-phone\"><\/i><\/span><span class=\"contact-info__item__text\">+351 221 152 966<\/span><\/a><\/div>\n\t<div class=\"contact-info__item\"><a href=\"tel:+351912562190\"><span class=\"contact-info__item__icon\"><i class=\"fa fa-mobile contact-info__item__icon__mobile\"><\/i><\/span><span class=\"contact-info__item__text\">+351 912 562 190<\/span><\/a><\/div>\n\t<div class=\"contact-info__item\"><a href=\"mailto:info@portorentabike.com\"><span class=\"contact-info__item__icon\"><i class=\"fa fa-envelope contact-info__item__icon__email\"><\/i><\/span><span class=\"contact-info__item__text\">info@portorentabike.com<\/span><\/a><\/div>\n\t<\/div>\n[vc_raw_html][\/vc_raw_html][vc_empty_space height=&#8221;20px&#8221;][\/vc_column][vc_column offset=&#8221;vc_col-md-6&#8243;][vc_empty_space height=&#8221;40px&#8221; el_class=&#8221;visible-sm visible-xs&#8221;]<div class=\"title\">\n\t\t\t<div class=\"title__subtitle\">Tem algum pedido especial<\/div>\n\t\t<h3 class=\"title__primary\">Entre em Contato<\/h3>\n<\/div>\n\n<div class=\"wpcf7 no-js\" id=\"wpcf7-f1381-o1\" lang=\"pt-PT\" dir=\"ltr\" data-wpcf7-id=\"1381\">\n<div class=\"screen-reader-response\"><p role=\"status\" aria-live=\"polite\" aria-atomic=\"true\"><\/p> <ul><\/ul><\/div>\n<form action=\"\/pt\/wp-json\/wp\/v2\/pages\/1228#wpcf7-f1381-o1\" method=\"post\" class=\"wpcf7-form init\" aria-label=\"Formul\u00e1rio de contacto\" novalidate=\"novalidate\" data-status=\"init\">\n<fieldset class=\"hidden-fields-container\"><input type=\"hidden\" name=\"_wpcf7\" value=\"1381\" \/><input type=\"hidden\" name=\"_wpcf7_version\" value=\"6.1.5\" \/><input type=\"hidden\" name=\"_wpcf7_locale\" value=\"pt_PT\" \/><input type=\"hidden\" name=\"_wpcf7_unit_tag\" value=\"wpcf7-f1381-o1\" \/><input type=\"hidden\" name=\"_wpcf7_container_post\" value=\"0\" \/><input type=\"hidden\" name=\"_wpcf7_posted_data_hash\" value=\"\" \/>\n<\/fieldset>\n<div class=\"form-contact\">\n\t<div class=\"form-contact__fields-short\">\n\t\t<div class=\"form-contact__item-short\">\n\t\t\t<p><span class=\"wpcf7-form-control-wrap\" data-name=\"your-name\"><input size=\"40\" maxlength=\"400\" class=\"wpcf7-form-control wpcf7-text wpcf7-validates-as-required\" aria-required=\"true\" aria-invalid=\"false\" placeholder=\"Seu nome\" value=\"\" type=\"text\" name=\"your-name\" \/><\/span>\n\t\t\t<\/p>\n\t\t<\/div>\n\t\t<div class=\"form-contact__item-short\">\n\t\t\t<p><span class=\"wpcf7-form-control-wrap\" data-name=\"your-email\"><input size=\"40\" maxlength=\"400\" class=\"wpcf7-form-control wpcf7-email wpcf7-validates-as-required wpcf7-text wpcf7-validates-as-email\" aria-required=\"true\" aria-invalid=\"false\" placeholder=\"Email\" value=\"\" type=\"email\" name=\"your-email\" \/><\/span>\n\t\t\t<\/p>\n\t\t<\/div>\n\t<\/div>\n\t<div class=\"form-contact__fields-short\">\n\t\t<p><span class=\"wpcf7-form-control-wrap\" data-name=\"your-subject\"><input size=\"40\" maxlength=\"400\" class=\"wpcf7-form-control wpcf7-text wpcf7-validates-as-required\" aria-required=\"true\" aria-invalid=\"false\" placeholder=\"Assunto\" value=\"\" type=\"text\" name=\"your-subject\" \/><\/span>\n\t\t<\/p>\n\t<\/div>\n\t<p><span class=\"wpcf7-form-control-wrap\" data-name=\"your-message\"><textarea cols=\"0\" rows=\"0\" maxlength=\"2000\" class=\"wpcf7-form-control wpcf7-textarea\" aria-invalid=\"false\" placeholder=\"Mensagem\" name=\"your-message\"><\/textarea><\/span><br \/>\n<span class=\"atbtn atbtn--input-wrap\"><i class=\"atbtn__icon fa fa-paper-plane\"><\/i><input class=\"wpcf7-form-control wpcf7-submit has-spinner\" type=\"submit\" value=\"Enviar\" \/><\/span>\n\t<\/p>\n<\/div><p style=\"display: none !important;\" class=\"akismet-fields-container\" data-prefix=\"_wpcf7_ak_\"><label>&#916;<textarea name=\"_wpcf7_ak_hp_textarea\" cols=\"45\" rows=\"8\" maxlength=\"100\"><\/textarea><\/label><input type=\"hidden\" id=\"ak_js_1\" name=\"_wpcf7_ak_js\" value=\"173\"\/><script>document.getElementById( \"ak_js_1\" ).setAttribute( \"value\", ( new Date() ).getTime() );<\/script><\/p><div class=\"wpcf7-response-output\" aria-hidden=\"true\"><\/div>\n<\/form>\n<\/div>\n[vc_raw_html][\/vc_raw_html][\/vc_column][\/vc_row]<\/p>\n<\/div>","protected":false},"excerpt":{"rendered":"<p>[vc_row el_class=&#8221;margin-bottom&#8221;][vc_column offset=&#8221;vc_col-md-6&#8243;][vc_column_text css=&#8221;&#8221;]Tem perguntas ou quer reservar a sua bicicleta? Estamos aqui para ajudar! Na Porto Rent a Bike, oferecemos um servi\u00e7o personalizado e estamos prontos para tornar a sua experi\u00eancia no Porto inesquec\u00edvel. Entre em contacto connosco atrav\u00e9s dos meios abaixo e responderemos o mais r\u00e1pido poss\u00edvel.[\/vc_column_text][vc_raw_html][\/vc_raw_html][vc_empty_space height=&#8221;20px&#8221;][\/vc_column][vc_column offset=&#8221;vc_col-md-6&#8243;][vc_empty_space height=&#8221;40px&#8221; el_class=&#8221;visible-sm visible-xs&#8221;][vc_raw_html][\/vc_raw_html][\/vc_column][\/vc_row]<\/p>\n","protected":false},"author":2,"featured_media":0,"parent":0,"menu_order":0,"comment_status":"closed","ping_status":"closed","template":"","meta":{"footnotes":""},"class_list":["post-1228","page","type-page","status-publish","hentry"],"yoast_head":"<!-- This site is optimized with the Yoast SEO plugin v27.3 - https:\/\/yoast.com\/product\/yoast-seo-wordpress\/ -->\n<title>Contactos - Porto Rent a Bike | Alugue a Sua Bicicleta no Porto<\/title>\n<meta name=\"description\" content=\"Entre em contacto com a Porto Rent a Bike para reservar a sua bicicleta e explorar o Porto de forma \u00fanica. Bicicletas el\u00e9tricas e montanha.\" \/>\n<meta name=\"robots\" content=\"index, follow, max-snippet:-1, max-image-preview:large, max-video-preview:-1\" \/>\n<link rel=\"canonical\" href=\"https:\/\/www.portorentabike.com\/pt\/localizacao-e-contatos\/\" \/>\n<meta property=\"og:locale\" content=\"pt_PT\" \/>\n<meta property=\"og:type\" content=\"article\" \/>\n<meta property=\"og:title\" content=\"Contactos - Porto Rent a Bike | Alugue a Sua Bicicleta no Porto\" \/>\n<meta property=\"og:description\" content=\"Entre em contacto com a Porto Rent a Bike para reservar a sua bicicleta e explorar o Porto de forma \u00fanica. Bicicletas el\u00e9tricas e montanha.\" \/>\n<meta property=\"og:url\" content=\"https:\/\/www.portorentabike.com\/pt\/localizacao-e-contatos\/\" \/>\n<meta property=\"og:site_name\" content=\"Alugar Bicicletas no Porto: Descubra o Porto de Bike! \ud83d\udeb4\u200d\u2642\ufe0f\ud83d\udeb4\u200d\u2640\ufe0f\" \/>\n<meta property=\"article:publisher\" content=\"https:\/\/www.facebook.com\/portorentabike\/\" \/>\n<meta property=\"article:modified_time\" content=\"2024-11-01T16:02:03+00:00\" \/>\n<meta name=\"twitter:card\" content=\"summary_large_image\" \/>\n<meta name=\"twitter:label1\" content=\"Tempo estimado de leitura\" \/>\n\t<meta name=\"twitter:data1\" content=\"1 minuto\" \/>\n<script type=\"application\/ld+json\" class=\"yoast-schema-graph\">{\"@context\":\"https:\\\/\\\/schema.org\",\"@graph\":[{\"@type\":\"WebPage\",\"@id\":\"https:\\\/\\\/www.portorentabike.com\\\/pt\\\/localizacao-e-contatos\\\/\",\"url\":\"https:\\\/\\\/www.portorentabike.com\\\/pt\\\/localizacao-e-contatos\\\/\",\"name\":\"Contactos - Porto Rent a Bike | Alugue a Sua Bicicleta no Porto\",\"isPartOf\":{\"@id\":\"https:\\\/\\\/www.portorentabike.com\\\/pt\\\/#website\"},\"datePublished\":\"2017-03-09T19:47:41+00:00\",\"dateModified\":\"2024-11-01T16:02:03+00:00\",\"description\":\"Entre em contacto com a Porto Rent a Bike para reservar a sua bicicleta e explorar o Porto de forma \u00fanica. Bicicletas el\u00e9tricas e montanha.\",\"breadcrumb\":{\"@id\":\"https:\\\/\\\/www.portorentabike.com\\\/pt\\\/localizacao-e-contatos\\\/#breadcrumb\"},\"inLanguage\":\"pt-PT\",\"potentialAction\":[{\"@type\":\"ReadAction\",\"target\":[[\"https:\\\/\\\/www.portorentabike.com\\\/pt\\\/localizacao-e-contatos\\\/\"]]}]},{\"@type\":\"BreadcrumbList\",\"@id\":\"https:\\\/\\\/www.portorentabike.com\\\/pt\\\/localizacao-e-contatos\\\/#breadcrumb\",\"itemListElement\":[{\"@type\":\"ListItem\",\"position\":1,\"name\":\"In\u00edcio\",\"item\":\"https:\\\/\\\/www.portorentabike.com\\\/pt\\\/\"},{\"@type\":\"ListItem\",\"position\":2,\"name\":\"Localiza\u00e7\u00e3o e contatos\"}]},{\"@type\":\"WebSite\",\"@id\":\"https:\\\/\\\/www.portorentabike.com\\\/pt\\\/#website\",\"url\":\"https:\\\/\\\/www.portorentabike.com\\\/pt\\\/\",\"name\":\"PORTO RENT A BIKE\",\"description\":\"Explore o Porto de bicicleta com a Porto Rent a Bike! Alugue bicicletas el\u00e9tricas, de montanha na cidade do Porto. Cadeados e mapas Gr\u00e1tis!\",\"publisher\":{\"@id\":\"https:\\\/\\\/www.portorentabike.com\\\/pt\\\/#organization\"},\"potentialAction\":[{\"@type\":\"SearchAction\",\"target\":{\"@type\":\"EntryPoint\",\"urlTemplate\":\"https:\\\/\\\/www.portorentabike.com\\\/pt\\\/?s={search_term_string}\"},\"query-input\":{\"@type\":\"PropertyValueSpecification\",\"valueRequired\":true,\"valueName\":\"search_term_string\"}}],\"inLanguage\":\"pt-PT\"},{\"@type\":\"Organization\",\"@id\":\"https:\\\/\\\/www.portorentabike.com\\\/pt\\\/#organization\",\"name\":\"Porto Rent A Bike\",\"url\":\"https:\\\/\\\/www.portorentabike.com\\\/pt\\\/\",\"logo\":{\"@type\":\"ImageObject\",\"inLanguage\":\"pt-PT\",\"@id\":\"https:\\\/\\\/www.portorentabike.com\\\/pt\\\/#\\\/schema\\\/logo\\\/image\\\/\",\"url\":\"https:\\\/\\\/www.portorentabike.com\\\/wp-content\\\/uploads\\\/2024\\\/08\\\/logotipo-porto-rent-a-bike-200x85-min.png\",\"contentUrl\":\"https:\\\/\\\/www.portorentabike.com\\\/wp-content\\\/uploads\\\/2024\\\/08\\\/logotipo-porto-rent-a-bike-200x85-min.png\",\"width\":200,\"height\":85,\"caption\":\"Porto Rent A Bike\"},\"image\":{\"@id\":\"https:\\\/\\\/www.portorentabike.com\\\/pt\\\/#\\\/schema\\\/logo\\\/image\\\/\"},\"sameAs\":[\"https:\\\/\\\/www.facebook.com\\\/portorentabike\\\/\"]}]}<\/script>\n<!-- \/ Yoast SEO plugin. -->","yoast_head_json":{"title":"Contactos - Porto Rent a Bike | Alugue a Sua Bicicleta no Porto","description":"Entre em contacto com a Porto Rent a Bike para reservar a sua bicicleta e explorar o Porto de forma \u00fanica. Bicicletas el\u00e9tricas e montanha.","robots":{"index":"index","follow":"follow","max-snippet":"max-snippet:-1","max-image-preview":"max-image-preview:large","max-video-preview":"max-video-preview:-1"},"canonical":"https:\/\/www.portorentabike.com\/pt\/localizacao-e-contatos\/","og_locale":"pt_PT","og_type":"article","og_title":"Contactos - Porto Rent a Bike | Alugue a Sua Bicicleta no Porto","og_description":"Entre em contacto com a Porto Rent a Bike para reservar a sua bicicleta e explorar o Porto de forma \u00fanica. Bicicletas el\u00e9tricas e montanha.","og_url":"https:\/\/www.portorentabike.com\/pt\/localizacao-e-contatos\/","og_site_name":"Alugar Bicicletas no Porto: Descubra o Porto de Bike! \ud83d\udeb4\u200d\u2642\ufe0f\ud83d\udeb4\u200d\u2640\ufe0f","article_publisher":"https:\/\/www.facebook.com\/portorentabike\/","article_modified_time":"2024-11-01T16:02:03+00:00","twitter_card":"summary_large_image","twitter_misc":{"Tempo estimado de leitura":"1 minuto"},"schema":{"@context":"https:\/\/schema.org","@graph":[{"@type":"WebPage","@id":"https:\/\/www.portorentabike.com\/pt\/localizacao-e-contatos\/","url":"https:\/\/www.portorentabike.com\/pt\/localizacao-e-contatos\/","name":"Contactos - Porto Rent a Bike | Alugue a Sua Bicicleta no Porto","isPartOf":{"@id":"https:\/\/www.portorentabike.com\/pt\/#website"},"datePublished":"2017-03-09T19:47:41+00:00","dateModified":"2024-11-01T16:02:03+00:00","description":"Entre em contacto com a Porto Rent a Bike para reservar a sua bicicleta e explorar o Porto de forma \u00fanica. Bicicletas el\u00e9tricas e montanha.","breadcrumb":{"@id":"https:\/\/www.portorentabike.com\/pt\/localizacao-e-contatos\/#breadcrumb"},"inLanguage":"pt-PT","potentialAction":[{"@type":"ReadAction","target":[["https:\/\/www.portorentabike.com\/pt\/localizacao-e-contatos\/"]]}]},{"@type":"BreadcrumbList","@id":"https:\/\/www.portorentabike.com\/pt\/localizacao-e-contatos\/#breadcrumb","itemListElement":[{"@type":"ListItem","position":1,"name":"In\u00edcio","item":"https:\/\/www.portorentabike.com\/pt\/"},{"@type":"ListItem","position":2,"name":"Localiza\u00e7\u00e3o e contatos"}]},{"@type":"WebSite","@id":"https:\/\/www.portorentabike.com\/pt\/#website","url":"https:\/\/www.portorentabike.com\/pt\/","name":"PORTO RENT A BIKE","description":"Explore o Porto de bicicleta com a Porto Rent a Bike! Alugue bicicletas el\u00e9tricas, de montanha na cidade do Porto. Cadeados e mapas Gr\u00e1tis!","publisher":{"@id":"https:\/\/www.portorentabike.com\/pt\/#organization"},"potentialAction":[{"@type":"SearchAction","target":{"@type":"EntryPoint","urlTemplate":"https:\/\/www.portorentabike.com\/pt\/?s={search_term_string}"},"query-input":{"@type":"PropertyValueSpecification","valueRequired":true,"valueName":"search_term_string"}}],"inLanguage":"pt-PT"},{"@type":"Organization","@id":"https:\/\/www.portorentabike.com\/pt\/#organization","name":"Porto Rent A Bike","url":"https:\/\/www.portorentabike.com\/pt\/","logo":{"@type":"ImageObject","inLanguage":"pt-PT","@id":"https:\/\/www.portorentabike.com\/pt\/#\/schema\/logo\/image\/","url":"https:\/\/www.portorentabike.com\/wp-content\/uploads\/2024\/08\/logotipo-porto-rent-a-bike-200x85-min.png","contentUrl":"https:\/\/www.portorentabike.com\/wp-content\/uploads\/2024\/08\/logotipo-porto-rent-a-bike-200x85-min.png","width":200,"height":85,"caption":"Porto Rent A Bike"},"image":{"@id":"https:\/\/www.portorentabike.com\/pt\/#\/schema\/logo\/image\/"},"sameAs":["https:\/\/www.facebook.com\/portorentabike\/"]}]}},"_links":{"self":[{"href":"https:\/\/www.portorentabike.com\/pt\/wp-json\/wp\/v2\/pages\/1228","targetHints":{"allow":["GET"]}}],"collection":[{"href":"https:\/\/www.portorentabike.com\/pt\/wp-json\/wp\/v2\/pages"}],"about":[{"href":"https:\/\/www.portorentabike.com\/pt\/wp-json\/wp\/v2\/types\/page"}],"author":[{"embeddable":true,"href":"https:\/\/www.portorentabike.com\/pt\/wp-json\/wp\/v2\/users\/2"}],"replies":[{"embeddable":true,"href":"https:\/\/www.portorentabike.com\/pt\/wp-json\/wp\/v2\/comments?post=1228"}],"version-history":[{"count":56,"href":"https:\/\/www.portorentabike.com\/pt\/wp-json\/wp\/v2\/pages\/1228\/revisions"}],"predecessor-version":[{"id":1992,"href":"https:\/\/www.portorentabike.com\/pt\/wp-json\/wp\/v2\/pages\/1228\/revisions\/1992"}],"wp:attachment":[{"href":"https:\/\/www.portorentabike.com\/pt\/wp-json\/wp\/v2\/media?parent=1228"}],"curies":[{"name":"wp","href":"https:\/\/api.w.org\/{rel}","templated":true}]}}